{"id":765,"date":"2018-02-22T21:10:06","date_gmt":"2018-02-22T18:10:06","guid":{"rendered":"https:\/\/www.erdogankaptan.com\/es\/\/?page_id=765"},"modified":"2021-09-15T14:04:24","modified_gmt":"2021-09-15T12:04:24","slug":"ask-for-offer","status":"publish","type":"page","link":"https:\/\/www.erdogankaptan.com\/es\/ask-for-offer\/","title":{"rendered":"Cita De Solicitud"},"content":{"rendered":"<p>[vc_row css_animation=&#8221;&#8221; row_type=&#8221;row&#8221; use_row_as_full_screen_section=&#8221;no&#8221; type=&#8221;grid&#8221; angled_section=&#8221;no&#8221; text_align=&#8221;center&#8221; background_image_as_pattern=&#8221;without_pattern&#8221; css=&#8221;.vc_custom_1519421574541{padding-top: 13px !important;padding-bottom: 50px !important;background-color: #ffffff !important;}&#8221; z_index=&#8221;&#8221;][vc_column width=&#8221;1\/2&#8243;][vc_empty_space height=&#8221;22&#8243;][vc_column_text]<\/p>\n<h4>Solicitar Formulario de Cotizaci\u00f3n<\/h4>\n<p>[\/vc_column_text][vc_column_text]Si tiene solicitudes adicionales en el formulario de solicitud de presupuesto, puede escribir en la parte de su mensaje. Nuestros representantes de clientes preparar\u00e1n su presupuesto y se comunicar\u00e1n con usted lo antes posible.[\/vc_column_text][vc_empty_space height=&#8221;10&#8243;]<div role=\"form\" class=\"wpcf7\" id=\"wpcf7-f772-o1\" lang=\"en-US\" dir=\"ltr\">\n<div class=\"screen-reader-response\"><p role=\"status\" aria-live=\"polite\" aria-atomic=\"true\"><\/p> <ul><\/ul><\/div>\n<form action=\"\/es\/wp-json\/wp\/v2\/pages\/765#wpcf7-f772-o1\" method=\"post\" class=\"wpcf7-form init cf7_custom_style_1\" novalidate=\"novalidate\" data-status=\"init\">\n<div style=\"display: none;\">\n<input type=\"hidden\" name=\"_wpcf7\" value=\"772\" \/>\n<input type=\"hidden\" name=\"_wpcf7_version\" value=\"5.4.2\" \/>\n<input type=\"hidden\" name=\"_wpcf7_locale\" value=\"en_US\" \/>\n<input type=\"hidden\" name=\"_wpcf7_unit_tag\" value=\"wpcf7-f772-o1\" \/>\n<input type=\"hidden\" name=\"_wpcf7_container_post\" value=\"0\" \/>\n<input type=\"hidden\" name=\"_wpcf7_posted_data_hash\" value=\"\" \/>\n<input type=\"hidden\" name=\"_wpcf7_recaptcha_response\" value=\"\" \/>\n<\/div>\n<p><span class=\"wpcf7-form-control-wrap full-name\"><input type=\"text\" name=\"full-name\" value=\"\" size=\"40\" class=\"wpcf7-form-control wpcf7-text\" aria-invalid=\"false\" placeholder=\"Su Nombre Y Apellidos\" \/><\/span><\/p>\n<p><span class=\"wpcf7-form-control-wrap tel-773\"><input type=\"tel\" name=\"tel-773\" value=\"\" size=\"40\" class=\"wpcf7-form-control wpcf7-text wpcf7-tel wpcf7-validates-as-required wpcf7-validates-as-tel\" aria-required=\"true\" aria-invalid=\"false\" placeholder=\"Su N\u00famero De Tel\u00e9fono\" \/><\/span><\/p>\n<p><span class=\"wpcf7-form-control-wrap email\"><input type=\"email\" name=\"email\" value=\"\" size=\"40\" class=\"wpcf7-form-control wpcf7-text wpcf7-email wpcf7-validates-as-email\" aria-invalid=\"false\" placeholder=\"Su Direcci\u00f3n De Correo Electr\u00f3nico\" \/><\/span><\/p>\n<p><span class=\"wpcf7-form-control-wrap menu-92\"><select name=\"menu-92\" class=\"wpcf7-form-control wpcf7-select wpcf7-validates-as-required\" aria-required=\"true\" aria-invalid=\"false\"><option value=\"Seleccionar Servicio --\u2193\">Seleccionar Servicio --\u2193<\/option><option value=\"Recorrido Por El B\u00f3sforo\">Recorrido Por El B\u00f3sforo<\/option><option value=\"Propuesta De Matrimonio Sorpresa\">Propuesta De Matrimonio Sorpresa<\/option><option value=\"Fiesta De Cumplea\u00f1os Sorpresa\">Fiesta De Cumplea\u00f1os Sorpresa<\/option><option value=\"Noches Turcas\">Noches Turcas<\/option><option value=\"Recorrido Por La isla\">Recorrido Por La isla<\/option><option value=\"Comer Despu\u00e9s De Las Nupcias En Un Yate\">Comer Despu\u00e9s De Las Nupcias En Un Yate<\/option><option value=\"Despedida De Soltera En Un Yate\">Despedida De Soltera En Un Yate<\/option><option value=\"Graduaci\u00f3n En Un Yate\">Graduaci\u00f3n En Un Yate<\/option><option value=\"iftar Comida En El Yate\">iftar Comida En El Yate<\/option><option value=\"Cena En El Yate\">Cena En El Yate<\/option><option value=\"Desayuno En El Yate\">Desayuno En El Yate<\/option><\/select><\/span><\/p>\n<p><span class=\"wpcf7-form-control-wrap message\"><textarea name=\"message\" cols=\"40\" rows=\"10\" class=\"wpcf7-form-control wpcf7-textarea\" aria-invalid=\"false\" placeholder=\"Mensaje\"><\/textarea><\/span><\/p>\n<p class=\"recaptcha-form\">\n<span class=\"wpcf7-form-control-wrap recaptcha\" data-name=\"recaptcha\"><span data-sitekey=\"6LdqGgsrAAAAAE33VTYxnPrhQRofiYdO2b-e6BHz\" class=\"wpcf7-form-control g-recaptcha wpcf7-recaptcha\"><\/span>\r\n<noscript>\r\n\t<div class=\"grecaptcha-noscript\">\r\n\t\t<iframe src=\"https:\/\/www.google.com\/recaptcha\/api\/fallback?k=6LdqGgsrAAAAAE33VTYxnPrhQRofiYdO2b-e6BHz\" frameborder=\"0\" scrolling=\"no\" width=\"310\" height=\"430\">\r\n\t\t<\/iframe>\r\n\t\t<textarea name=\"g-recaptcha-response\" rows=\"3\" cols=\"40\" placeholder=\"Aqu\u00ed la respuesta de reCAPTCHA\">\r\n\t\t<\/textarea>\r\n\t<\/div>\r\n<\/noscript>\r\n<\/span>\n<p><input type=\"submit\" value=\"ENVIAR\" class=\"wpcf7-form-control wpcf7-submit\" \/><\/p>\n<div class=\"wpcf7-response-output\" aria-hidden=\"true\"><\/div><\/form><\/div>[\/vc_column][vc_column width=&#8221;1\/2&#8243;][vc_empty_space][vc_single_image image=&#8221;2315&#8243; img_size=&#8221;full&#8221; alignment=&#8221;center&#8221; qode_css_animation=&#8221;&#8221; qode_hover_animation=&#8221;zoom_in&#8221;][vc_empty_space height=&#8221;5&#8243;][\/vc_column][\/vc_row][vc_row css_animation=&#8221;&#8221; row_type=&#8221;row&#8221; use_row_as_full_screen_section=&#8221;no&#8221; type=&#8221;grid&#8221; angled_section=&#8221;no&#8221; text_align=&#8221;left&#8221; background_image_as_pattern=&#8221;without_pattern&#8221; z_index=&#8221;&#8221; css=&#8221;.vc_custom_1519233895973{margin-top: 50px !important;margin-bottom: 50px !important;}&#8221;][vc_column][vc_column_text]<\/p>\n<h6 style=\"text-align: center;\"><span data-type=\"normal\"  class=\"qode_icon_shortcode  q_font_awsome_icon fa-2x  q_icon_animation\" style=\" transition-delay: 1000ms; -webkit-transition-delay: 1000ms; -moz-transition-delay: 1000ms; -o-transition-delay: 1000ms;\"><i class=\"qode_icon_font_awesome fa fa-anchor qode_icon_element\" style=\"font-size: 28px;color: #2e82ea;\" ><\/i><\/span><\/h6>\n<h6 style=\"text-align: center;\">Erdo\u011fan Kaptan<\/h6>\n<p>[\/vc_column_text][vc_empty_space height=&#8221;7&#8243;][vc_column_text]<\/p>\n<h2 style=\"text-align: center;\">Paisaje \u00fanico, recuerdos inolvidables&#8230;<\/h2>\n<p>[\/vc_column_text][vc_empty_space height=&#8221;7&#8243;][vc_column_text]Qu\u00e9 tal un recorrido \u00fanico por el estrecho del B\u00f3sforo con Erdogan Kaptan? Puede comunicarse con nosotros con cualquier organizaci\u00f3n y evento que desee y puede transmitir los detalles de su gira de ensue\u00f1o. Si quieres ser el h\u00e9roe de la gira que no ser\u00e1 olvidado para toda la vida, no mantengas a tus seres queridos esperando demasiado tiempo&#8230;[\/vc_column_text][\/vc_column][\/vc_row][vc_row css_animation=&#8221;&#8221; row_type=&#8221;row&#8221; use_row_as_full_screen_section=&#8221;no&#8221; type=&#8221;grid&#8221; angled_section=&#8221;no&#8221; text_align=&#8221;left&#8221; background_image_as_pattern=&#8221;without_pattern&#8221; z_index=&#8221;&#8221; css=&#8221;.vc_custom_1519233895973{margin-top: 50px !important;margin-bottom: 50px !important;}&#8221;][vc_column width=&#8221;1\/4&#8243;]<div class=\"q_counter_holder  center\" style=\"\"><span class=\"counter  zero\" style=\"color: #2e82ea;font-size: 60px;font-weight: 700;\">15<\/span><span class=\"separator small\" style=\"background-color: #000000;\"><\/span><p class=\"counter_text\" style=\"font-size: 20px;text-transform: capitalize;\">YATE EN ALQUILER<\/p><\/div>[\/vc_column][vc_column width=&#8221;1\/4&#8243;]<div class=\"q_counter_holder  center\" style=\"\"><span class=\"counter  zero\" style=\"font-size: 60px;font-weight: 700;\">5<\/span><span class=\"separator small\" style=\"background-color: #000000;\"><\/span><p class=\"counter_text\" style=\"font-size: 20px;text-transform: capitalize;\">BARCO ALQUILER<\/p><\/div>[\/vc_column][vc_column width=&#8221;1\/4&#8243;]<div class=\"q_counter_holder  center\" style=\"\"><span class=\"counter  zero\" style=\"font-size: 60px;font-weight: 700;\">8<\/span><span class=\"separator small\" style=\"background-color: #000000;\"><\/span><p class=\"counter_text\" style=\"font-size: 20px;text-transform: capitalize;\">NAVIO ALQUILER<\/p><\/div>[\/vc_column][vc_column width=&#8221;1\/4&#8243;]<div class=\"q_counter_holder  center\" style=\"\"><span class=\"counter  zero\" style=\"font-size: 60px;font-weight: 700;\">7<\/span><span class=\"separator small\" style=\"background-color: #000000;\"><\/span><p class=\"counter_text\" style=\"font-size: 20px;text-transform: capitalize;\">GULET EN ALQUILER<\/p><\/div>[\/vc_column][\/vc_row]<\/p>\n","protected":false},"excerpt":{"rendered":"<p>[vc_row css_animation=&#8221;&#8221; row_type=&#8221;row&#8221; use_row_as_full_screen_section=&#8221;no&#8221; type=&#8221;grid&#8221; angled_section=&#8221;no&#8221; text_align=&#8221;center&#8221; background_image_as_pattern=&#8221;without_pattern&#8221; css=&#8221;.vc_custom_1519421574541{padding-top: 13px !important;padding-bottom: 50px !important;background-color: #ffffff !important;}&#8221; z_index=&#8221;&#8221;][vc_column width=&#8221;1\/2&#8243;][vc_empty_space height=&#8221;22&#8243;][vc_column_text] Solicitar Formulario de Cotizaci\u00f3n [\/vc_column_text][vc_column_text]Si tiene solicitudes adicionales en el formulario de solicitud de presupuesto, puede escribir en la parte de su mensaje. Nuestros representantes de clientes&#8230;<\/p>\n","protected":false},"author":1,"featured_media":0,"parent":0,"menu_order":5,"comment_status":"closed","ping_status":"closed","template":"full_width.php","meta":[],"_links":{"self":[{"href":"https:\/\/www.erdogankaptan.com\/es\/wp-json\/wp\/v2\/pages\/765"}],"collection":[{"href":"https:\/\/www.erdogankaptan.com\/es\/wp-json\/wp\/v2\/pages"}],"about":[{"href":"https:\/\/www.erdogankaptan.com\/es\/wp-json\/wp\/v2\/types\/page"}],"author":[{"embeddable":true,"href":"https:\/\/www.erdogankaptan.com\/es\/wp-json\/wp\/v2\/users\/1"}],"replies":[{"embeddable":true,"href":"https:\/\/www.erdogankaptan.com\/es\/wp-json\/wp\/v2\/comments?post=765"}],"version-history":[{"count":6,"href":"https:\/\/www.erdogankaptan.com\/es\/wp-json\/wp\/v2\/pages\/765\/revisions"}],"predecessor-version":[{"id":2325,"href":"https:\/\/www.erdogankaptan.com\/es\/wp-json\/wp\/v2\/pages\/765\/revisions\/2325"}],"wp:attachment":[{"href":"https:\/\/www.erdogankaptan.com\/es\/wp-json\/wp\/v2\/media?parent=765"}],"curies":[{"name":"wp","href":"https:\/\/api.w.org\/{rel}","templated":true}]}}