{"id":972,"date":"2018-03-03T23:17:01","date_gmt":"2018-03-03T20:17:01","guid":{"rendered":"https:\/\/www.erdogankaptan.com\/es\/\/?page_id=972"},"modified":"2021-04-10T18:30:00","modified_gmt":"2021-04-10T16:30:00","slug":"events","status":"publish","type":"page","link":"https:\/\/www.erdogankaptan.com\/es\/events\/","title":{"rendered":"Organizaciones"},"content":{"rendered":"<p>[vc_row css_animation=&#8221;&#8221; row_type=&#8221;row&#8221; use_row_as_full_screen_section=&#8221;no&#8221; type=&#8221;full_width&#8221; angled_section=&#8221;no&#8221; text_align=&#8221;center&#8221; background_image_as_pattern=&#8221;without_pattern&#8221; z_index=&#8221;&#8221; css=&#8221;.vc_custom_1519235194118{padding-top: 50px !important;}&#8221;][vc_column][vc_column_text]<\/p>\n<h6><span data-type=\"normal\"  class=\"qode_icon_shortcode  q_font_awsome_icon fa-2x  q_icon_animation\" style=\" transition-delay: 1000ms; -webkit-transition-delay: 1000ms; -moz-transition-delay: 1000ms; -o-transition-delay: 1000ms;\"><i class=\"qode_icon_font_awesome fa fa-anchor qode_icon_element\" style=\"font-size: 28px;color: #2e82ea;\" ><\/i><\/span><\/h6>\n<h6>Erdo\u011fan Kaptan<\/h6>\n<p>[\/vc_column_text][vc_empty_space height=&#8221;7&#8243;][vc_column_text]<\/p>\n<h2><span style=\"color: #000000;\">Organizaciones y Actividades de Yates Ch\u00e1rter En El B\u00f3sforo<\/span><\/h2>\n<p>[\/vc_column_text][vc_empty_space height=&#8221;7&#8243;][vc_column_text]Seamos el testigo m\u00e1s hermoso de los momentos especiales con los que so\u00f1aste junto con la vista \u00fanica del estrecho del B\u00f3sforo. Le servimos de la mejor manera con muchas sorpresas preparadas para sus d\u00edas especiales en nuestros yates ch\u00e1rter.[\/vc_column_text][vc_row_inner row_type=&#8221;row&#8221; type=&#8221;grid&#8221; text_align=&#8221;center&#8221; css_animation=&#8221;&#8221; css=&#8221;.vc_custom_1520108493438{margin-top: 50px !important;}&#8221;][vc_column_inner]<div class='q_masonry_blog'><div class=\"q_masonry_blog_grid_sizer\"><\/div><div class=\"q_masonry_blog_grid_gutter\"><\/div><article  class='post-1465 post type-post status-publish format-standard has-post-thumbnail hentry category-organizaciones-de-yates-charter '><div class=\"q_masonry_blog_post_image\"><a itemprop=\"url\" href=\"https:\/\/www.erdogankaptan.com\/es\/bosphorus-tour\/\" target=\"_self\"><img itemprop=\"image\" src=\"https:\/\/www.erdogankaptan.com\/es\/wp-content\/uploads\/2021\/03\/RECORRIDPORELBOSFORO.jpg\" \/><\/a><\/div><div class=\"q_masonry_blog_post_text\"><h5 itemprop=\"name\" class=\"q_masonry_blog_title entry_title\"><a itemprop=\"url\" href=\"https:\/\/www.erdogankaptan.com\/es\/bosphorus-tour\/\">Recorrido Por El B\u00f3sforo<\/a><\/h5><p itemprop=\"description\" class=\"q_masonry_blog_excerpt\">Sed accumsan sit amet odio vitae ullamcorper. Nulla sed libero sapien. Mauris feugiat, odio vitae ac...<\/p><div class=\"q_masonry_blog_post_info\"><\/div><\/div><\/article><article  class='post-1462 post type-post status-publish format-standard has-post-thumbnail hentry category-organizaciones-de-yates-charter '><div class=\"q_masonry_blog_post_image\"><a itemprop=\"url\" href=\"https:\/\/www.erdogankaptan.com\/es\/surprise-wedding-proposal\/\" target=\"_self\"><img itemprop=\"image\" src=\"https:\/\/www.erdogankaptan.com\/es\/wp-content\/uploads\/2021\/03\/OFERTADEMATRMONIOSORPRESAENYATE.jpg\" \/><\/a><\/div><div class=\"q_masonry_blog_post_text\"><h5 itemprop=\"name\" class=\"q_masonry_blog_title entry_title\"><a itemprop=\"url\" href=\"https:\/\/www.erdogankaptan.com\/es\/surprise-wedding-proposal\/\">Propuesta De Matrimonio Sorpresa En Un Yate<\/a><\/h5><p itemprop=\"description\" class=\"q_masonry_blog_excerpt\">Sed accumsan sit amet odio vitae ullamcorper. Nulla sed libero sapien. Mauris feugiat, odio vitae ac...<\/p><div class=\"q_masonry_blog_post_info\"><\/div><\/div><\/article><article  class='post-944 post type-post status-publish format-standard has-post-thumbnail hentry category-organizaciones-de-yates-charter category-servicios '><div class=\"q_masonry_blog_post_image\"><a itemprop=\"url\" href=\"https:\/\/www.erdogankaptan.com\/es\/surprise-birthday-party\/\" target=\"_self\"><img itemprop=\"image\" src=\"https:\/\/www.erdogankaptan.com\/es\/wp-content\/uploads\/2021\/03\/FIESTA-DECUMPLEANOSSORPRESAEN-YATE.jpg\" \/><\/a><\/div><div class=\"q_masonry_blog_post_text\"><h5 itemprop=\"name\" class=\"q_masonry_blog_title entry_title\"><a itemprop=\"url\" href=\"https:\/\/www.erdogankaptan.com\/es\/surprise-birthday-party\/\">Fiesta De Cumplea\u00f1os Sorpresa En El Yate<\/a><\/h5><p itemprop=\"description\" class=\"q_masonry_blog_excerpt\">Sed accumsan sit amet odio vitae ullamcorper. Nulla sed libero sapien. Mauris feugiat, odio vitae ac...<\/p><div class=\"q_masonry_blog_post_info\"><\/div><\/div><\/article><article  class='post-1861 post type-post status-publish format-standard has-post-thumbnail hentry category-organizaciones-de-yates-charter '><div class=\"q_masonry_blog_post_image\"><a itemprop=\"url\" href=\"https:\/\/www.erdogankaptan.com\/es\/turkish-nights\/\" target=\"_self\"><img itemprop=\"image\" src=\"https:\/\/www.erdogankaptan.com\/es\/wp-content\/uploads\/2021\/03\/NOCHESTURCAS-1.jpg\" \/><\/a><\/div><div class=\"q_masonry_blog_post_text\"><h5 itemprop=\"name\" class=\"q_masonry_blog_title entry_title\"><a itemprop=\"url\" href=\"https:\/\/www.erdogankaptan.com\/es\/turkish-nights\/\">Noches Turcas<\/a><\/h5><p itemprop=\"description\" class=\"q_masonry_blog_excerpt\">Sed accumsan sit amet odio vitae ullamcorper. Nulla sed libero sapien. Mauris feugiat, odio vitae ac...<\/p><div class=\"q_masonry_blog_post_info\"><\/div><\/div><\/article><article  class='post-1866 post type-post status-publish format-standard has-post-thumbnail hentry category-organizaciones-de-yates-charter '><div class=\"q_masonry_blog_post_image\"><a itemprop=\"url\" href=\"https:\/\/www.erdogankaptan.com\/es\/island-tour\/\" target=\"_self\"><img itemprop=\"image\" src=\"https:\/\/www.erdogankaptan.com\/es\/wp-content\/uploads\/2021\/03\/RECORRIDOPORLAISLA.jpg\" \/><\/a><\/div><div class=\"q_masonry_blog_post_text\"><h5 itemprop=\"name\" class=\"q_masonry_blog_title entry_title\"><a itemprop=\"url\" href=\"https:\/\/www.erdogankaptan.com\/es\/island-tour\/\">Recorrido Por La Isla<\/a><\/h5><p itemprop=\"description\" class=\"q_masonry_blog_excerpt\">Sed accumsan sit amet odio vitae ullamcorper. Nulla sed libero sapien. Mauris feugiat, odio vitae ac...<\/p><div class=\"q_masonry_blog_post_info\"><\/div><\/div><\/article><article  class='post-1583 post type-post status-publish format-standard has-post-thumbnail hentry category-organizaciones-de-yates-charter '><div class=\"q_masonry_blog_post_image\"><a itemprop=\"url\" href=\"https:\/\/www.erdogankaptan.com\/es\/after-party\/\" target=\"_self\"><img itemprop=\"image\" src=\"https:\/\/www.erdogankaptan.com\/es\/wp-content\/uploads\/2021\/03\/Comidadivertidadespuesdelabodaenunyate.jpg\" \/><\/a><\/div><div class=\"q_masonry_blog_post_text\"><h5 itemprop=\"name\" class=\"q_masonry_blog_title entry_title\"><a itemprop=\"url\" href=\"https:\/\/www.erdogankaptan.com\/es\/after-party\/\">Comida Divertida Despu\u00e9s De La Boda En Un Yate<\/a><\/h5><p itemprop=\"description\" class=\"q_masonry_blog_excerpt\">Sed accumsan sit amet odio vitae ullamcorper. Nulla sed libero sapien. Mauris feugiat, odio vitae ac...<\/p><div class=\"q_masonry_blog_post_info\"><\/div><\/div><\/article><article  class='post-1581 post type-post status-publish format-standard has-post-thumbnail hentry category-organizaciones-de-yates-charter '><div class=\"q_masonry_blog_post_image\"><a itemprop=\"url\" href=\"https:\/\/www.erdogankaptan.com\/es\/stag-night-party\/\" target=\"_self\"><img itemprop=\"image\" src=\"https:\/\/www.erdogankaptan.com\/es\/wp-content\/uploads\/2021\/03\/DESPEDIDADESOLTEROENUNYATE.jpg\" \/><\/a><\/div><div class=\"q_masonry_blog_post_text\"><h5 itemprop=\"name\" class=\"q_masonry_blog_title entry_title\"><a itemprop=\"url\" href=\"https:\/\/www.erdogankaptan.com\/es\/stag-night-party\/\">Despedida de Soltera En Un Yate<\/a><\/h5><p itemprop=\"description\" class=\"q_masonry_blog_excerpt\">Sed accumsan sit amet odio vitae ullamcorper. Nulla sed libero sapien. Mauris feugiat, odio vitae ac...<\/p><div class=\"q_masonry_blog_post_info\"><\/div><\/div><\/article><article  class='post-1579 post type-post status-publish format-standard has-post-thumbnail hentry category-organizaciones-de-yates-charter '><div class=\"q_masonry_blog_post_image\"><a itemprop=\"url\" href=\"https:\/\/www.erdogankaptan.com\/es\/grad-party\/\" target=\"_self\"><img itemprop=\"image\" src=\"https:\/\/www.erdogankaptan.com\/es\/wp-content\/uploads\/2021\/03\/GRADUACIONDELYATE.jpg\" \/><\/a><\/div><div class=\"q_masonry_blog_post_text\"><h5 itemprop=\"name\" class=\"q_masonry_blog_title entry_title\"><a itemprop=\"url\" href=\"https:\/\/www.erdogankaptan.com\/es\/grad-party\/\">Graduaci\u00f3n En Un Yate<\/a><\/h5><p itemprop=\"description\" class=\"q_masonry_blog_excerpt\">Sed accumsan sit amet odio vitae ullamcorper. Nulla sed libero sapien. Mauris feugiat, odio vitae ac...<\/p><div class=\"q_masonry_blog_post_info\"><\/div><\/div><\/article><article  class='post-1577 post type-post status-publish format-standard has-post-thumbnail hentry category-organizaciones-de-yates-charter '><div class=\"q_masonry_blog_post_image\"><a itemprop=\"url\" href=\"https:\/\/www.erdogankaptan.com\/es\/iftar-meal\/\" target=\"_self\"><img itemprop=\"image\" src=\"https:\/\/www.erdogankaptan.com\/es\/wp-content\/uploads\/2021\/03\/COMIDAIFTARENELYATE.jpg\" \/><\/a><\/div><div class=\"q_masonry_blog_post_text\"><h5 itemprop=\"name\" class=\"q_masonry_blog_title entry_title\"><a itemprop=\"url\" href=\"https:\/\/www.erdogankaptan.com\/es\/iftar-meal\/\">Cena Iftar En Un Yate<\/a><\/h5><p itemprop=\"description\" class=\"q_masonry_blog_excerpt\">Sed accumsan sit amet odio vitae ullamcorper. Nulla sed libero sapien. Mauris feugiat, odio vitae ac...<\/p><div class=\"q_masonry_blog_post_info\"><\/div><\/div><\/article><article  class='post-1575 post type-post status-publish format-standard has-post-thumbnail hentry category-organizaciones-de-yates-charter '><div class=\"q_masonry_blog_post_image\"><a itemprop=\"url\" href=\"https:\/\/www.erdogankaptan.com\/es\/dinner\/\" target=\"_self\"><img itemprop=\"image\" src=\"https:\/\/www.erdogankaptan.com\/es\/wp-content\/uploads\/2021\/03\/CENAENELYATE.jpg\" \/><\/a><\/div><div class=\"q_masonry_blog_post_text\"><h5 itemprop=\"name\" class=\"q_masonry_blog_title entry_title\"><a itemprop=\"url\" href=\"https:\/\/www.erdogankaptan.com\/es\/dinner\/\">Cena En Un Yate<\/a><\/h5><p itemprop=\"description\" class=\"q_masonry_blog_excerpt\">Sed accumsan sit amet odio vitae ullamcorper. Nulla sed libero sapien. Mauris feugiat, odio vitae ac...<\/p><div class=\"q_masonry_blog_post_info\"><\/div><\/div><\/article><article  class='post-1573 post type-post status-publish format-standard has-post-thumbnail hentry category-organizaciones-de-yates-charter '><div class=\"q_masonry_blog_post_image\"><a itemprop=\"url\" href=\"https:\/\/www.erdogankaptan.com\/es\/breakfast\/\" target=\"_self\"><img itemprop=\"image\" src=\"https:\/\/www.erdogankaptan.com\/es\/wp-content\/uploads\/2021\/03\/DESAYUNOENELYATE.jpg\" \/><\/a><\/div><div class=\"q_masonry_blog_post_text\"><h5 itemprop=\"name\" class=\"q_masonry_blog_title entry_title\"><a itemprop=\"url\" href=\"https:\/\/www.erdogankaptan.com\/es\/breakfast\/\">Desayuno En Un Yate<\/a><\/h5><p itemprop=\"description\" class=\"q_masonry_blog_excerpt\">Sed accumsan sit amet odio vitae ullamcorper. Nulla sed libero sapien. Mauris feugiat, odio vitae ac...<\/p><div class=\"q_masonry_blog_post_info\"><\/div><\/div><\/article><\/div>[\/vc_column_inner][\/vc_row_inner][\/vc_column][\/vc_row]<\/p>\n","protected":false},"excerpt":{"rendered":"<p>[vc_row css_animation=&#8221;&#8221; row_type=&#8221;row&#8221; use_row_as_full_screen_section=&#8221;no&#8221; type=&#8221;full_width&#8221; angled_section=&#8221;no&#8221; text_align=&#8221;center&#8221; background_image_as_pattern=&#8221;without_pattern&#8221; z_index=&#8221;&#8221; css=&#8221;.vc_custom_1519235194118{padding-top: 50px !important;}&#8221;][vc_column][vc_column_text] Erdo\u011fan Kaptan [\/vc_column_text][vc_empty_space height=&#8221;7&#8243;][vc_column_text] Organizaciones y Actividades de Yates Ch\u00e1rter En El B\u00f3sforo [\/vc_column_text][vc_empty_space height=&#8221;7&#8243;][vc_column_text]Seamos el testigo m\u00e1s hermoso de los momentos especiales con los que so\u00f1aste junto con la vista \u00fanica del&#8230;<\/p>\n","protected":false},"author":1,"featured_media":0,"parent":0,"menu_order":7,"comment_status":"closed","ping_status":"closed","template":"full_width.php","meta":[],"_links":{"self":[{"href":"https:\/\/www.erdogankaptan.com\/es\/wp-json\/wp\/v2\/pages\/972"}],"collection":[{"href":"https:\/\/www.erdogankaptan.com\/es\/wp-json\/wp\/v2\/pages"}],"about":[{"href":"https:\/\/www.erdogankaptan.com\/es\/wp-json\/wp\/v2\/types\/page"}],"author":[{"embeddable":true,"href":"https:\/\/www.erdogankaptan.com\/es\/wp-json\/wp\/v2\/users\/1"}],"replies":[{"embeddable":true,"href":"https:\/\/www.erdogankaptan.com\/es\/wp-json\/wp\/v2\/comments?post=972"}],"version-history":[{"count":10,"href":"https:\/\/www.erdogankaptan.com\/es\/wp-json\/wp\/v2\/pages\/972\/revisions"}],"predecessor-version":[{"id":2399,"href":"https:\/\/www.erdogankaptan.com\/es\/wp-json\/wp\/v2\/pages\/972\/revisions\/2399"}],"wp:attachment":[{"href":"https:\/\/www.erdogankaptan.com\/es\/wp-json\/wp\/v2\/media?parent=972"}],"curies":[{"name":"wp","href":"https:\/\/api.w.org\/{rel}","templated":true}]}}