{"id":136,"date":"2016-11-01T15:42:53","date_gmt":"2016-11-01T15:42:53","guid":{"rendered":"http:\/\/bridge87.qodeinteractive.com\/?page_id=136"},"modified":"2021-04-10T18:37:35","modified_gmt":"2021-04-10T13:37:35","slug":"about","status":"publish","type":"page","link":"https:\/\/www.erdogankaptan.com\/ru\/about\/","title":{"rendered":"\u041e \u043d\u0430\u0441"},"content":{"rendered":"<p>[vc_row css_animation=&#8221;&#8221; row_type=&#8221;row&#8221; use_row_as_full_screen_section=&#8221;no&#8221; type=&#8221;grid&#8221; angled_section=&#8221;no&#8221; text_align=&#8221;left&#8221; background_image_as_pattern=&#8221;without_pattern&#8221; css=&#8221;.vc_custom_1519230821449{padding-top: 13px !important;padding-bottom: 50px !important;background-color: #ffffff !important;}&#8221; z_index=&#8221;&#8221;][vc_column width=&#8221;1\/2&#8243;][vc_empty_space][vc_column_text]<\/p>\n<h4>\u0411\u0438\u0437 \u041a\u0438\u043c\u0438\u0437?<\/h4>\n<p>[\/vc_column_text][vc_empty_space height=&#8221;15px&#8221;][vc_column_text]Erdo\u011fan Kaptan \u0414\u0435\u043d\u0438\u0437 \u0443\u0436\u0435 \u043c\u043d\u043e\u0433\u043e \u043b\u0435\u0442 \u043e\u0440\u0433\u0430\u043d\u0438\u0437\u0443\u0435\u0442 \u044f\u0445\u0442\u0435\u043d\u043d\u044b\u0435 \u0438 \u0447\u0430\u0440\u0442\u0435\u0440\u043d\u044b\u0435 \u043b\u043e\u0434\u043e\u0447\u043d\u044b\u0445 \u0442\u0443\u0440\u044b, \u0440\u0430\u0434\u0443\u0435\u0442 \u0441\u0432\u043e\u0438\u0445 \u043a\u043b\u0438\u0435\u043d\u0442\u043e\u0432 \u043c\u043d\u043e\u0433\u043e\u0447\u0438\u0441\u043b\u0435\u043d\u043d\u044b\u043c\u0438 \u043e\u0440\u0433\u0430\u043d\u0438\u0437\u0430\u0446\u0438\u044f\u043c\u0438 \u0438 \u043c\u0435\u0440\u043e\u043f\u0440\u0438\u044f\u0442\u0438\u044f\u043c\u0438 \u0438 \u0441\u0442\u0430\u043b \u0431\u0440\u0435\u043d\u0434\u043e\u043c, \u0441\u0434\u0435\u043b\u0430\u0432 \u0441\u0432\u043e\u0435 \u0438\u043c\u044f \u0432 \u044d\u0442\u043e\u043c \u0441\u0435\u043a\u0442\u043e\u0440\u0435.<\/p>\n<p>&nbsp;<\/p>\n<p>\u042d\u0440\u0434\u043e\u0433\u0430\u043d \u041a\u0430\u043f\u0442\u0430\u043d \u0414\u0435\u043d\u0438\u0437, \u043a\u043e\u0442\u043e\u0440\u044b\u0439 \u043e\u0440\u0433\u0430\u043d\u0438\u0437\u0443\u0435\u0442 \u043c\u043d\u043e\u0436\u0435\u0441\u0442\u0432\u043e \u043c\u0435\u0440\u043e\u043f\u0440\u0438\u044f\u0442\u0438\u0439 \u0438 \u043e\u0440\u0433\u0430\u043d\u0438\u0437\u0430\u0446\u0438\u0439 \u0441 \u0447\u0430\u0440\u0442\u0435\u0440\u043d\u044b\u043c\u0438 \u044f\u0445\u0442-\u0442\u0443\u0440\u0430\u043c\u0438, \u0441\u043b\u0443\u0436\u0438\u0442 \u0430\u0440\u0445\u0438\u0442\u0435\u043a\u0442\u043e\u0440\u043e\u043c \u043d\u0435\u0437\u0430\u0431\u044b\u0432\u0430\u0435\u043c\u044b\u0445 \u0432\u043e\u0441\u043f\u043e\u043c\u0438\u043d\u0430\u043d\u0438\u0439 \u0441 \u0431\u043e\u0441\u0444\u043e\u0440\u043d\u043e\u0439 \u044d\u043a\u0441\u043a\u0443\u0440\u0441\u0438\u0435\u0439 \u043f\u043e \u0421\u0442\u0430\u043c\u0431\u0443\u043b\u0443 \u0432\u043e \u043c\u043d\u043e\u0433\u0438\u0445 \u043c\u0435\u0440\u043e\u043f\u0440\u0438\u044f\u0442\u0438\u044f\u0445, \u0442\u0430\u043a\u0438\u0445 \u043a\u0430\u043a \u043d\u0435\u043e\u0436\u0438\u0434\u0430\u043d\u043d\u043e\u0435 \u043f\u0440\u0435\u0434\u043b\u043e\u0436\u0435\u043d\u0438\u0435 \u0440\u0443\u043a\u0438 \u0438 \u0441\u0435\u0440\u0434\u0446\u0430, \u0441\u0432\u0430\u0434\u044c\u0431\u0430, \u0434\u0435\u043b\u043e\u0432\u044b\u0435 \u0443\u0436\u0438\u043d\u044b, \u043d\u0435\u043e\u0436\u0438\u0434\u0430\u043d\u043d\u044b\u0435 \u0434\u043d\u0438 \u0440\u043e\u0436\u0434\u0435\u043d\u0438\u044f \u043d\u0430 \u044f\u0445\u0442\u0435.<\/p>\n<p>&nbsp;<\/p>\n<p>Erdo\u011fan Kaptan \u0414\u0435\u043d\u0438\u0437 \u043f\u043e\u0437\u043d\u0430\u043a\u043e\u043c\u0438\u0442 \u0412\u0430\u0441 \u0441 \u0421\u0442\u0430\u043c\u0431\u0443\u043b\u043e\u043c, \u0438 \u0441 \u0435\u0433\u043e \u0443\u043d\u0438\u043a\u0430\u043b\u044c\u043d\u044b\u043c\u0438 \u043f\u0435\u0439\u0437\u0430\u0436\u0430\u043c\u0438 \u0438 \u043f\u0440\u0438\u0440\u043e\u0434\u043e\u0439, \u043e\u043d \u0434\u0430\u0441\u0442 \u0432\u0430\u043c \u0432\u043e\u0437\u043c\u043e\u0436\u043d\u043e\u0441\u0442\u044c \u0443\u0432\u0438\u0434\u0435\u0442\u044c \u043d\u0435\u0437\u0430\u0431\u044b\u0432\u0430\u0435\u043c\u044b\u0435 \u0438\u0441\u0442\u043e\u0440\u0438\u0447\u0435\u0441\u043a\u0438\u0435 \u043c\u0435\u0441\u0442\u0430 \u0432\u0431\u043b\u0438\u0437\u0438. \u0415\u0441\u043b\u0438 \u0432\u044b \u043d\u0435 \u0445\u043e\u0442\u0438\u0442\u0435 \u0443\u043f\u0443\u0441\u0442\u0438\u0442\u044c \u044d\u0442\u0443 \u0443\u043d\u0438\u043a\u0430\u043b\u044c\u043d\u0443\u044e \u0432\u043e\u0437\u043c\u043e\u0436\u043d\u043e\u0441\u0442\u044c, \u0432\u044b \u043c\u043e\u0436\u0435\u0442\u0435 \u043e\u0431\u0440\u0430\u0442\u0438\u0442\u044c\u0441\u044f \u043a \u043d\u0430\u043c \u0438 \u043f\u043e\u043b\u0443\u0447\u0438\u0442\u044c \u043f\u043e\u0434\u0440\u043e\u0431\u043d\u0443\u044e \u0438\u043d\u0444\u043e\u0440\u043c\u0430\u0446\u0438\u044e \u043e \u043d\u0430\u0448\u0438\u0445 \u043e\u0440\u0433\u0430\u043d\u0438\u0437\u0430\u0446\u0438\u044f\u0445 \u0438 \u0441\u043e\u0431\u044b\u0442\u0438\u044f\u0445.<\/p>\n<p>&nbsp;<\/p>\n<p>\u042d\u0440\u0434\u043e\u0433\u0430\u043d \u041a\u0430\u043f\u0442\u0430\u043d \u0414\u0435\u043d\u0438\u0437, \u0447\u0435\u0439 \u043c\u0430\u0440\u0448\u0440\u0443\u0442 \u0432\u0441\u0435\u0433\u0434\u0430 \u0434\u043e\u0432\u043e\u043b\u0435\u043d, \u0431\u0443\u0434\u0435\u0442 \u0433\u043e\u0440\u0434\u0438\u0442\u044c\u0441\u044f \u0442\u0435\u043c, \u0447\u0442\u043e \u043f\u0440\u0438\u0432\u0435\u0442\u0441\u0442\u0432\u0443\u0435\u0442 \u0432\u0430\u0441 \u0438 \u0432\u0430\u0448\u0438\u0445 \u0431\u043b\u0438\u0437\u043a\u0438\u0445 \u043d\u0430\u0438\u043b\u0443\u0447\u0448\u0438\u043c \u043e\u0431\u0440\u0430\u0437\u043e\u043c \u0438 \u0431\u0443\u0434\u0435\u0442 \u043f\u0440\u043e\u0434\u043e\u043b\u0436\u0430\u0442\u044c \u044d\u0442\u043e \u0434\u0435\u043b\u0430\u0442\u044c.[\/vc_column_text][\/vc_column][vc_column width=&#8221;1\/2&#8243;][vc_empty_space][vc_single_image image=&#8221;2001&#8243; img_size=&#8221;full&#8221; alignment=&#8221;center&#8221; qode_css_animation=&#8221;&#8221; qode_hover_animation=&#8221;zoom_in&#8221;][\/vc_column][\/vc_row][vc_row css_animation=&#8221;&#8221; row_type=&#8221;row&#8221; use_row_as_full_screen_section=&#8221;no&#8221; type=&#8221;grid&#8221; angled_section=&#8221;no&#8221; text_align=&#8221;left&#8221; background_image_as_pattern=&#8221;without_pattern&#8221; z_index=&#8221;&#8221; css=&#8221;.vc_custom_1519233895973{margin-top: 50px !important;margin-bottom: 50px !important;}&#8221;][vc_column][vc_column_text]<\/p>\n<h6 style=\"text-align: center;\"><span data-type=\"normal\"  class=\"qode_icon_shortcode  q_font_awsome_icon fa-2x  q_icon_animation\" style=\" transition-delay: 1000ms; -webkit-transition-delay: 1000ms; -moz-transition-delay: 1000ms; -o-transition-delay: 1000ms;\"><i class=\"qode_icon_font_awesome fa fa-anchor qode_icon_element\" style=\"font-size: 28px;color: #2e82ea;\" ><\/i><\/span><\/h6>\n<h6 style=\"text-align: center;\">Erdo\u011fan Kaptan<\/h6>\n<p>[\/vc_column_text][vc_empty_space height=&#8221;7&#8243;][vc_column_text]<\/p>\n<h2 style=\"text-align: center;\"><span style=\"color: #000000;\">\u041d\u0430\u0448\u0438 \u043b\u043e\u0434\u043a\u0438 \u0436\u0434\u0443\u0442 \u0432\u0430\u0441 \u0432 \u043d\u0430\u0448\u0435\u043c \u0433\u0430\u0440\u0430\u0436\u0435<\/span><\/h2>\n<p>[\/vc_column_text][vc_empty_space height=&#8221;7&#8243;][vc_column_text]<\/p>\n<p style=\"text-align: center;\">\u041d\u0430\u0448\u0438 \u0447\u0430\u0440\u0442\u0435\u0440\u043d\u044b\u0435 \u044f\u0445\u0442\u044b \u0438 \u043b\u043e\u0434\u043a\u0438 \u0432\u0441\u0435\u0433\u0434\u0430 \u0431\u0443\u0434\u0443\u0442 \u0436\u0434\u0430\u0442\u044c \u0412\u0430\u0441 \u043a \u0432\u0430\u0448\u0438\u043c \u043a\u043b\u0438\u0435\u043d\u0442\u0430\u043c. \u0421 \u043d\u0430\u0448\u0438\u043c\u0438 \u043a\u0430\u0447\u0435\u0441\u0442\u0432\u0435\u043d\u043d\u044b\u043c\u0438 \u0443\u0441\u043b\u0443\u0433\u0430\u043c\u0438 \u0438 \u043e\u0440\u0433\u0430\u043d\u0438\u0437\u0430\u0446\u0438\u044f\u043c\u0438,<\/p>\n<p style=\"text-align: center;\">\u0432\u044b \u0431\u0443\u0434\u0435\u0442\u0435 \u0438\u043c\u0435\u0442\u044c \u0432\u043e\u0437\u043c\u043e\u0436\u043d\u043e\u0441\u0442\u044c \u0443\u0432\u0438\u0434\u0435\u0442\u044c \u0443\u043d\u0438\u043a\u0430\u043b\u044c\u043d\u044b\u0439 \u0432\u0438\u0434 \u043d\u0430 \u043f\u0440\u043e\u043b\u0438\u0432 \u043d\u0430 \u043d\u0430\u0448\u0438\u0445 \u0447\u0430\u0440\u0442\u0435\u0440\u043d\u044b\u0445 \u044f\u0445\u0442\u0430\u0445 \u0438 \u043b\u043e\u0434\u043a\u0430\u0445.<\/p>\n<p>[\/vc_column_text][\/vc_column][\/vc_row][vc_row css_animation=&#8221;&#8221; row_type=&#8221;row&#8221; use_row_as_full_screen_section=&#8221;no&#8221; type=&#8221;grid&#8221; angled_section=&#8221;no&#8221; text_align=&#8221;left&#8221; background_image_as_pattern=&#8221;without_pattern&#8221; z_index=&#8221;&#8221; css=&#8221;.vc_custom_1519233895973{margin-top: 50px !important;margin-bottom: 50px !important;}&#8221;][vc_column width=&#8221;1\/4&#8243;]<div class=\"q_counter_holder  center\" style=\"\"><span class=\"counter  zero\" style=\"color: #2e82ea;font-size: 60px;font-weight: 700;\">15<\/span><span class=\"separator small\" style=\"background-color: #000000;\"><\/span><p class=\"counter_text\" style=\"font-size: 20px;text-transform: capitalize;\">\u042f\u0445\u0442\u0430 \u0432 \u0430\u0440\u0435\u043d\u0434\u0443<\/p><\/div>[\/vc_column][vc_column width=&#8221;1\/4&#8243;]<div class=\"q_counter_holder  center\" style=\"\"><span class=\"counter  zero\" style=\"font-size: 60px;font-weight: 700;\">5<\/span><span class=\"separator small\" style=\"background-color: #000000;\"><\/span><p class=\"counter_text\" style=\"font-size: 20px;text-transform: capitalize;\">\u0427\u0430\u0440\u0442\u0435\u0440\u043d\u0430\u044f \u043b\u043e\u0434\u043a\u0430<\/p><\/div>[\/vc_column][vc_column width=&#8221;1\/4&#8243;]<div class=\"q_counter_holder  center\" style=\"\"><span class=\"counter  zero\" style=\"font-size: 60px;font-weight: 700;\">8<\/span><span class=\"separator small\" style=\"background-color: #000000;\"><\/span><p class=\"counter_text\" style=\"font-size: 20px;text-transform: capitalize;\">\u0427\u0430\u0440\u0442\u0435\u0440\u043d\u043e\u0435 \u0441\u0443\u0434\u043d\u043e<\/p><\/div>[\/vc_column][vc_column width=&#8221;1\/4&#8243;]<div class=\"q_counter_holder  center\" style=\"\"><span class=\"counter  zero\" style=\"font-size: 60px;font-weight: 700;\">7<\/span><span class=\"separator small\" style=\"background-color: #000000;\"><\/span><p class=\"counter_text\" style=\"font-size: 20px;text-transform: capitalize;\">\u0413\u0443\u043b\u0435\u0442 \u0434\u043b\u044f \u0430\u0440\u0435\u043d\u0434\u044b<\/p><\/div>[\/vc_column][\/vc_row][vc_row css_animation=&#8221;&#8221; row_type=&#8221;row&#8221; use_row_as_full_screen_section=&#8221;no&#8221; type=&#8221;grid&#8221; angled_section=&#8221;no&#8221; text_align=&#8221;left&#8221; background_image_as_pattern=&#8221;without_pattern&#8221; padding_bottom=&#8221;50&#8243; z_index=&#8221;&#8221; css=&#8221;.vc_custom_1603542621991{background-color: #ffffff !important;}&#8221;][vc_column width=&#8221;1\/2&#8243;][vc_empty_space][vc_column_text]<\/p>\n<h4><span data-type=\"normal\"  class=\"qode_icon_shortcode  q_font_awsome_icon fa-1x  \" style=\" \"><i class=\"qode_icon_font_awesome fa fa-anchor qode_icon_element\" style=\"color: #000000;\" ><\/i><\/span> \u0417\u043d\u0430\u0447\u0435\u043d\u0438\u044f<\/h4>\n<p>[\/vc_column_text][vc_empty_space]<div class=\"qode-accordion-holder clearfix qode-accordion qode-initial \">\n\t<h5 class=\"clearfix qode-title-holder\">\n<span class=\"qode-tab-title\">\n\t    <span class=\"qode-tab-title-inner\">\n        \u041c\u0438\u0441\u0441\u0438\u044f    <\/span>\n<\/span>\n<span class=\"qode-accordion-mark\">\n    <span class=\"qode-accordion-mark-icon\">\n        <span class=\"icon_plus\"><\/span>\n        <span class=\"icon_minus-06\"><\/span>\n    <\/span>\n<\/span>\n<\/h5>\n<div class=\"qode-accordion-content \" >\n    <div class=\"qode-accordion-content-inner\">\n        [vc_column_text]\u041a\u0430\u043a \u0441\u0435\u043c\u044c\u044f \u042d\u0440\u0434\u043e\u0433\u0430\u043d\u0430 \u041a\u0430\u043f\u0442\u0430\u043d \u0414\u0435\u043d\u0438\u0437, \u0432\u044b \u0431\u0443\u0434\u0435\u0442\u0435 \u043f\u0440\u043e\u0434\u043e\u043b\u0436\u0430\u0442\u044c \u043e\u0431\u0441\u043b\u0443\u0436\u0438\u0432\u0430\u0442\u044c \u0438 \u043f\u0440\u0435\u0434\u043e\u0441\u0442\u0430\u0432\u043b\u044f\u0442\u044c \u0443\u0441\u043b\u0443\u0433\u0438 \u0432 \u0441\u0435\u043a\u0442\u043e\u0440\u0435 \u0432 \u0442\u0435\u0447\u0435\u043d\u0438\u0435 \u043c\u043d\u043e\u0433\u0438\u0445 \u043b\u0435\u0442, \u0434\u0430\u0440\u0438\u0442\u044c \u043d\u0435\u0437\u0430\u0431\u044b\u0432\u0430\u0435\u043c\u044b\u0435 \u043c\u043e\u043c\u0435\u043d\u0442\u044b \u0441\u0432\u043e\u0438\u043c \u0433\u043e\u0441\u0442\u044f\u043c \u0441 \u043b\u0443\u0447\u0448\u0438\u043c\u0438 \u0443\u0441\u043b\u0443\u0433\u0430\u043c\u0438, \u0438 \u0432\u0430\u0448\u0435 \u0443\u0434\u043e\u0432\u043b\u0435\u0442\u0432\u043e\u0440\u0435\u043d\u0438\u0435 \u0431\u0443\u0434\u0435\u0442 \u043e\u0441\u043d\u043e\u0432\u0430\u043d\u043e \u043d\u0430 \u043d\u0430\u0448\u0435\u0439 \u0434\u0440\u0443\u0436\u043d\u043e\u0439 \u043a\u043e\u043c\u0430\u043d\u0434\u0435 \u0438 \u043a\u0430\u0447\u0435\u0441\u0442\u0432\u0435\u043d\u043d\u044b\u0445 \u0443\u0441\u043b\u0443\u0433\u0430\u0445.[\/vc_column_text]    <\/div>\n<\/div><h5 class=\"clearfix qode-title-holder\">\n<span class=\"qode-tab-title\">\n\t    <span class=\"qode-tab-title-inner\">\n        \u0412\u0438\u0434\u0435\u043d\u0438\u0435    <\/span>\n<\/span>\n<span class=\"qode-accordion-mark\">\n    <span class=\"qode-accordion-mark-icon\">\n        <span class=\"icon_plus\"><\/span>\n        <span class=\"icon_minus-06\"><\/span>\n    <\/span>\n<\/span>\n<\/h5>\n<div class=\"qode-accordion-content \" >\n    <div class=\"qode-accordion-content-inner\">\n        [vc_column_text]\u041f\u0440\u0435\u0434\u043e\u0441\u0442\u0430\u0432\u043b\u044f\u044f \u0447\u0430\u0440\u0442\u0435\u0440\u043d\u044b\u0435 \u044f\u0445\u0442\u044b \u0438 \u0447\u0430\u0440\u0442\u0435\u0440\u043d\u044b\u0435 \u043b\u043e\u0434\u043a\u0438 \u043d\u0430 \u0441\u0435\u0433\u043e\u0434\u043d\u044f\u0448\u043d\u0438\u0439 \u0434\u0435\u043d\u044c, \u042d\u0440\u0434\u043e\u0433\u0430\u043d \u041a\u0430\u043f\u0442\u0430\u043d \u0414\u0435\u043d\u0438\u0437 \u0437\u0430\u0432\u043e\u0435\u0432\u0430\u043b \u0443\u0434\u043e\u0432\u043b\u0435\u0442\u0432\u043e\u0440\u0435\u043d\u0438\u0435 \u0438 \u043b\u044e\u0431\u043e\u0432\u044c \u0432\u0441\u0435\u0445 \u0441\u0432\u043e\u0438\u0445 \u0433\u043e\u0441\u0442\u0435\u0439. \u041f\u043e\u0441\u043b\u0435 \u044d\u0442\u043e\u0433\u043e, \u043e\u043d \u0431\u0443\u0434\u0435\u0442 \u043f\u0440\u043e\u0434\u043e\u043b\u0436\u0430\u0442\u044c \u0440\u0430\u0431\u043e\u0442\u0430\u0442\u044c \u043b\u0443\u0447\u0448\u0435 \u0438 \u043f\u0440\u0438\u0432\u0435\u0442\u0441\u0442\u0432\u043e\u0432\u0430\u0442\u044c \u0441\u0432\u043e\u0438\u0445 \u0433\u043e\u0441\u0442\u0435\u0439 \u043d\u0430\u0438\u043b\u0443\u0447\u0448\u0438\u043c \u043e\u0431\u0440\u0430\u0437\u043e\u043c \u043a\u0430\u043a \u0441 \u0435\u0433\u043e \u043f\u0435\u0440\u0441\u043e\u043d\u0430\u043b\u043e\u043c \u0438 \u043a\u0430\u0447\u0435\u0441\u0442\u0432\u043e\u043c[\/vc_column_text]    <\/div>\n<\/div><h5 class=\"clearfix qode-title-holder\">\n<span class=\"qode-tab-title\">\n\t    <span class=\"qode-tab-title-inner\">\n        \u041d\u0430\u0448\u0430 \u043f\u043e\u043b\u0438\u0442\u0438\u043a\u0430 \u043a\u0430\u0447\u0435\u0441\u0442\u0432\u0430    <\/span>\n<\/span>\n<span class=\"qode-accordion-mark\">\n    <span class=\"qode-accordion-mark-icon\">\n        <span class=\"icon_plus\"><\/span>\n        <span class=\"icon_minus-06\"><\/span>\n    <\/span>\n<\/span>\n<\/h5>\n<div class=\"qode-accordion-content \" >\n    <div class=\"qode-accordion-content-inner\">\n        [vc_column_text]\u041d\u0430\u0448\u0438 \u0447\u0430\u0440\u0442\u0435\u0440\u043d\u044b\u0435 \u044f\u0445\u0442\u044b \u0438 \u043b\u043e\u0434\u043a\u0438 \u043f\u0440\u0435\u0434\u043b\u0430\u0433\u0430\u044e\u0442 \u0441\u0432\u043e\u0438\u043c \u0433\u043e\u0441\u0442\u044f\u043c \u043c\u043d\u043e\u0436\u0435\u0441\u0442\u0432\u043e \u0443\u0441\u043b\u0443\u0433 \u0438 \u0434\u0435\u043b\u044f\u0442\u0441\u044f \u043f\u0440\u0435\u043a\u0440\u0430\u0441\u043d\u044b\u043c\u0438 \u0432\u043e\u0441\u043f\u043e\u043c\u0438\u043d\u0430\u043d\u0438\u044f\u043c\u0438 \u0438 \u0432\u043e\u043b\u043d\u0435\u043d\u0438\u044f\u043c\u0438. \u041d\u0430\u0448\u0438 \u044f\u0445\u0442\u044b \u0438 \u043a\u0430\u0442\u0435\u0440\u0430 \u0441\u0442\u0430\u043d\u0443\u0442 \u0436\u0435\u043c\u0447\u0443\u0436\u0438\u043d\u043e\u0439 \u043f\u0440\u043e\u043b\u0438\u0432\u0430 \u0411\u043e\u0441\u0444\u043e\u0440 \u0441 \u043d\u0430\u0448\u0438\u043c\u0438 \u044d\u043a\u0441\u043f\u0435\u0440\u0442\u0430\u043c\u0438 \u0438 \u043f\u0440\u043e\u0434\u043e\u043b\u0436\u0430\u0442 \u0441\u0432\u043e\u0439 \u043f\u0443\u0442\u044c \u0431\u0435\u0437 \u0443\u0449\u0435\u0440\u0431\u0430 \u0434\u043b\u044f \u0438\u0445 \u043a\u0430\u0447\u0435\u0441\u0442\u0432\u0430.[\/vc_column_text]    <\/div>\n<\/div><h5 class=\"clearfix qode-title-holder\">\n<span class=\"qode-tab-title\">\n\t    <span class=\"qode-tab-title-inner\">\n        \u0423\u0434\u043e\u0432\u043b\u0435\u0442\u0432\u043e\u0440\u0435\u043d\u043d\u043e\u0441\u0442\u044c \u043a\u043b\u0438\u0435\u043d\u0442\u043e\u0432    <\/span>\n<\/span>\n<span class=\"qode-accordion-mark\">\n    <span class=\"qode-accordion-mark-icon\">\n        <span class=\"icon_plus\"><\/span>\n        <span class=\"icon_minus-06\"><\/span>\n    <\/span>\n<\/span>\n<\/h5>\n<div class=\"qode-accordion-content \" >\n    <div class=\"qode-accordion-content-inner\">\n        [vc_column_text]\u041d\u0430\u0448 \u043c\u0430\u0440\u0448\u0440\u0443\u0442 \u2013 \u0443\u0434\u043e\u0432\u043b\u0435\u0442\u0432\u043e\u0440\u0435\u043d\u043d\u043e\u0441\u0442\u044c \u043a\u043b\u0438\u0435\u043d\u0442\u043e\u0432! \u041a\u0430\u043a \u042d\u0440\u0434\u043e\u0433\u0430\u043d \u041a\u0430\u043f\u0442\u0430\u043d \u0414\u0435\u043d\u0438\u0437, \u043c\u044b \u0433\u043e\u0440\u0434\u0438\u043c\u0441\u044f \u0438 \u0440\u0430\u0434\u044b \u043f\u0435\u0440\u0435\u0434\u0430\u0442\u044c \u043d\u0430\u0448 \u0441\u0435\u0440\u0432\u0438\u0441 \u043d\u0430\u0448\u0438\u043c \u0433\u043e\u0441\u0442\u044f\u043c \u043d\u0430\u0438\u043b\u0443\u0447\u0448\u0438\u043c \u0438 \u0441\u0430\u043c\u044b\u043c \u043a\u0430\u0447\u0435\u0441\u0442\u0432\u0435\u043d\u043d\u044b\u043c \u0441\u043f\u043e\u0441\u043e\u0431\u043e\u043c. \u041d\u0430\u0448\u0438\u043c \u043f\u0440\u0438\u043e\u0440\u0438\u0442\u0435\u0442\u043e\u043c \u0431\u0443\u0434\u0435\u0442 \u0431\u0430\u0437\u043e\u0432\u0430\u044f \u0443\u0434\u043e\u0432\u043b\u0435\u0442\u0432\u043e\u0440\u0435\u043d\u043d\u043e\u0441\u0442\u044c \u043a\u043b\u0438\u0435\u043d\u0442\u043e\u0432 \u0438 \u0440\u0430\u0431\u043e\u0442\u0430 \u0441\u043e\u043e\u0442\u0432\u0435\u0442\u0441\u0442\u0432\u0435\u043d\u043d\u043e.[\/vc_column_text]    <\/div>\n<\/div><\/div>[\/vc_column][vc_column width=&#8221;1\/2&#8243;][vc_empty_space][vc_column_text]<\/p>\n<h4><span data-type=\"normal\"  class=\"qode_icon_shortcode  q_font_awsome_icon fa-1x  \" style=\" \"><i class=\"qode_icon_font_awesome fa fa-anchor qode_icon_element\" style=\"color: #000000;\" ><\/i><\/span> Erdo\u011fan Kaptan Tan\u0131t\u0131m Video<\/h4>\n<p>[\/vc_column_text][vc_empty_space]<div class=\"qode_video_box\">\r\n\t<a itemprop=\"image\" class=\"qode_video_image\" href=\"https:\/\/www.youtube.com\/watch?v=YYfb7ja9ROw\" data-rel=\"prettyPhoto\">\r\n\t\t\t\r\n\t\t\t<img src=\"https:\/\/www.erdogankaptan.com\/ru\/wp-content\/uploads\/2021\/03\/\u0412\u044b-\u0432\u0438\u0434\u0435\u043b\u0438-\u043d\u0430\u0448\u0435-\u0440\u0435\u043a\u043b\u0430\u043c\u043d\u043e\u0435-\u0432\u0438\u0434\u0435\u043e.jpg\" \/>\r\n\t\t\t<span class=\"qode_video_box_button_holder\">\r\n\t\t\t\t<span class=\"qode_video_box_button\">\r\n\t\t\t\t\t<span class=\"qode_video_box_button_arrow\">\r\n\t\t\t\t\t<\/span>\r\n\t\t\t\t<\/span>\r\n\t\t\t<\/span>\r\n\t\t\t<\/a>\r\n<\/div>[vc_empty_space height=&#8221;10&#8243;][vc_column_text]<\/p>\n<p style=\"text-align: center;\">Erdo\u011fan Kaptan \u041a\u0430\u043a \u043c\u043e\u0440\u0441\u043a\u0430\u044f \u0441\u0435\u043c\u044c\u044f, \u043e\u043d\u0430 \u0441\u0442\u043e\u044f\u043b\u0430 \u043d\u0430 \u044f\u043a\u043e\u0440\u0435 \u0432 \u043f\u0440\u043e\u043b\u0438\u0432\u0435 \u0411\u043e\u0441\u0444\u043e\u0440 \u043c\u043d\u043e\u0433\u043e \u043b\u0435\u0442 \u043d\u0430\u0437\u0430\u0434 \u0438 \u0440\u0430\u0437\u0432\u0438\u0432\u0430\u043b\u0430\u0441\u044c \u0441 \u0442\u0435\u0445 \u043f\u043e\u0440, \u043f\u0440\u0438\u0432\u0435\u0442\u0441\u0442\u0432\u0443\u044f \u0431\u043e\u043b\u044c\u0448\u0435 \u0433\u043e\u0441\u0442\u0435\u0439 \u0438 \u043f\u043e\u043b\u0443\u0447\u0430\u044f \u043d\u0435\u0437\u0430\u0431\u044b\u0432\u0430\u0435\u043c\u044b\u0435 \u0432\u043e\u0441\u043f\u043e\u043c\u0438\u043d\u0430\u043d\u0438\u044f \u0432\u043e \u043c\u043d\u043e\u0433\u0438\u0445 \u043e\u0440\u0433\u0430\u043d\u0438\u0437\u0430\u0446\u0438\u044f\u0445 \u0438 \u043c\u0435\u0440\u043e\u043f\u0440\u0438\u044f\u0442\u0438\u044f\u0445.<\/p>\n<p>[\/vc_column_text][vc_empty_space][\/vc_column][\/vc_row]<\/p>\n","protected":false},"excerpt":{"rendered":"<p>[vc_row css_animation=&#8221;&#8221; row_type=&#8221;row&#8221; use_row_as_full_screen_section=&#8221;no&#8221; type=&#8221;grid&#8221; angled_section=&#8221;no&#8221; text_align=&#8221;left&#8221; background_image_as_pattern=&#8221;without_pattern&#8221; css=&#8221;.vc_custom_1519230821449{padding-top: 13px !important;padding-bottom: 50px !important;background-color: #ffffff !important;}&#8221; z_index=&#8221;&#8221;][vc_column width=&#8221;1\/2&#8243;][vc_empty_space][vc_column_text] \u0411\u0438\u0437 \u041a\u0438\u043c\u0438\u0437? [\/vc_column_text][vc_empty_space height=&#8221;15px&#8221;][vc_column_text]Erdo\u011fan Kaptan \u0414\u0435\u043d\u0438\u0437 \u0443\u0436\u0435 \u043c\u043d\u043e\u0433\u043e \u043b\u0435\u0442 \u043e\u0440\u0433\u0430\u043d\u0438\u0437\u0443\u0435\u0442 \u044f\u0445\u0442\u0435\u043d\u043d\u044b\u0435 \u0438 \u0447\u0430\u0440\u0442\u0435\u0440\u043d\u044b\u0435 \u043b\u043e\u0434\u043e\u0447\u043d\u044b\u0445 \u0442\u0443\u0440\u044b, \u0440\u0430\u0434\u0443\u0435\u0442 \u0441\u0432\u043e\u0438\u0445 \u043a\u043b\u0438\u0435\u043d\u0442\u043e\u0432 \u043c\u043d\u043e\u0433\u043e\u0447\u0438\u0441\u043b\u0435\u043d\u043d\u044b\u043c\u0438 \u043e\u0440\u0433\u0430\u043d\u0438\u0437\u0430\u0446\u0438\u044f\u043c\u0438 \u0438 \u043c\u0435\u0440\u043e\u043f\u0440\u0438\u044f\u0442\u0438\u044f\u043c\u0438 \u0438 \u0441\u0442\u0430\u043b \u0431\u0440\u0435\u043d\u0434\u043e\u043c, \u0441\u0434\u0435\u043b\u0430\u0432 \u0441\u0432\u043e\u0435 \u0438\u043c\u044f&#8230;<\/p>\n","protected":false},"author":1,"featured_media":0,"parent":0,"menu_order":3,"comment_status":"closed","ping_status":"closed","template":"full_width.php","meta":[],"_links":{"self":[{"href":"https:\/\/www.erdogankaptan.com\/ru\/wp-json\/wp\/v2\/pages\/136"}],"collection":[{"href":"https:\/\/www.erdogankaptan.com\/ru\/wp-json\/wp\/v2\/pages"}],"about":[{"href":"https:\/\/www.erdogankaptan.com\/ru\/wp-json\/wp\/v2\/types\/page"}],"author":[{"embeddable":true,"href":"https:\/\/www.erdogankaptan.com\/ru\/wp-json\/wp\/v2\/users\/1"}],"replies":[{"embeddable":true,"href":"https:\/\/www.erdogankaptan.com\/ru\/wp-json\/wp\/v2\/comments?post=136"}],"version-history":[{"count":5,"href":"https:\/\/www.erdogankaptan.com\/ru\/wp-json\/wp\/v2\/pages\/136\/revisions"}],"predecessor-version":[{"id":2006,"href":"https:\/\/www.erdogankaptan.com\/ru\/wp-json\/wp\/v2\/pages\/136\/revisions\/2006"}],"wp:attachment":[{"href":"https:\/\/www.erdogankaptan.com\/ru\/wp-json\/wp\/v2\/media?parent=136"}],"curies":[{"name":"wp","href":"https:\/\/api.w.org\/{rel}","templated":true}]}}