{"id":151,"date":"2016-11-02T08:49:58","date_gmt":"2016-11-02T08:49:58","guid":{"rendered":"http:\/\/bridge87.qodeinteractive.com\/?page_id=151"},"modified":"2021-04-10T18:39:18","modified_gmt":"2021-04-10T13:39:18","slug":"contact","status":"publish","type":"page","link":"https:\/\/www.erdogankaptan.com\/ru\/contact\/","title":{"rendered":"\u0421\u0412\u042f\u0417\u0410\u0422\u042c\u0421\u042f \u0421"},"content":{"rendered":"<p>[vc_row css_animation=&#8221;&#8221; row_type=&#8221;row&#8221; use_row_as_full_screen_section=&#8221;no&#8221; type=&#8221;grid&#8221; angled_section=&#8221;no&#8221; text_align=&#8221;center&#8221; background_image_as_pattern=&#8221;without_pattern&#8221; css=&#8221;.vc_custom_1604343881919{padding-top: 70px !important;padding-bottom: 37px !important;}&#8221; z_index=&#8221;&#8221;][vc_column width=&#8221;1\/3&#8243;]<span data-type=\"circle\" data-hover-bg-color=\"#ffffff\" data-hover-icon-color=\"#2e82ea\" class=\"qode_icon_shortcode fa-stack q_font_awsome_icon_stack fa-lg  \" style=\"font-size: 35px;font-size: 51px; \"><i class=\"fa fa-circle fa-stack-base fa-stack-2x\" style=\"color: #ffffff;\"><\/i><span aria-hidden=\"true\" class=\"qode_icon_font_elegant icon_headphones qode_icon_element fa-stack-1x\" style=\"font-size: 35px;color: #2e82ea;\" ><\/span><\/span>[vc_empty_space height=&#8221;20px&#8221;][vc_column_text]<\/p>\n<h4>\u041e\u0431\u0441\u043b\u0443\u0436\u0438\u0432\u0430\u043d\u0438\u0435 \u043a\u043b\u0438\u0435\u043d\u0442\u043e\u0432<\/h4>\n<p>[\/vc_column_text][vc_empty_space height=&#8221;14px&#8221;][vc_column_text]0532 651 03 31<\/p>\n<p>0212 532 79 80[\/vc_column_text][vc_empty_space height=&#8221;50px&#8221;][\/vc_column][vc_column width=&#8221;1\/3&#8243;]<span data-type=\"circle\" data-hover-bg-color=\"#ffffff\" data-hover-icon-color=\"#2e82ea\" class=\"qode_icon_shortcode fa-stack q_font_awsome_icon_stack fa-lg  \" style=\"font-size: 35px;font-size: 51px; \"><i class=\"fa fa-circle fa-stack-base fa-stack-2x\" style=\"color: #ffffff;\"><\/i><span aria-hidden=\"true\" class=\"qode_icon_font_elegant icon_pin qode_icon_element fa-stack-1x\" style=\"font-size: 35px;color: #2e82ea;\" ><\/span><\/span>[vc_empty_space height=&#8221;20px&#8221;][vc_column_text]<\/p>\n<h4>\u0410\u0434\u0440\u0435\u0441 \u043e\u0444\u0438\u0441\u0430<\/h4>\n<p>[\/vc_column_text][vc_empty_space height=&#8221;14px&#8221;][vc_column_text]Cibali Mah. Hisaralt\u0131 Cad. No:5 (Kadir Has Caddesi) 34085 \u0130stanbul &#8211; T\u00fcrkiye[\/vc_column_text][vc_empty_space height=&#8221;50px&#8221;][\/vc_column][vc_column width=&#8221;1\/3&#8243;]<span data-type=\"circle\" data-hover-bg-color=\"#ffffff\" data-hover-icon-color=\"#2e82ea\" class=\"qode_icon_shortcode fa-stack q_font_awsome_icon_stack fa-lg  \" style=\"font-size: 35px;font-size: 51px; \"><i class=\"fa fa-circle fa-stack-base fa-stack-2x\" style=\"color: #ffffff;\"><\/i><i class=\"qode_icon_font_awesome fa fa-thumb-tack qode_icon_element fa-stack-1x\" style=\"font-size: 35px;color: #2e82ea;\" ><\/i><\/span>[vc_empty_space height=&#8221;20px&#8221;][vc_column_text]<\/p>\n<h4>\u0421\u043e\u0446\u0438\u0430\u043b\u044c\u043d\u044b\u0435 \u0441\u0435\u0442\u0438<\/h4>\n<p>[\/vc_column_text][vc_empty_space height=&#8221;14px&#8221;][vc_column_text]<span class='q_social_icon_holder circle_social' data-color=#2e82ea data-hover-background-color=#ffffff ><a itemprop='url' href='https:\/\/tr-tr.facebook.com\/erdogankaptandenizcilik\/' target='_blank'><span class='fa-stack fa-lg' style=''><i class=\"qode_icon_font_awesome fa fa-facebook \" style=\"color: #2e82ea;\" ><\/i><\/span><\/a><\/span><\/p>\n<span class='q_social_icon_holder circle_social' data-color=#2e82ea data-hover-background-color=#ffffff ><a itemprop='url' href='https:\/\/www.instagram.com\/erdogankaptancomtr\/' target='_blank'><span class='fa-stack fa-lg' style=''><i class=\"qode_icon_font_awesome fa fa-instagram \" style=\"color: #2e82ea;\" ><\/i><\/span><\/a><\/span>\n<p><span class='q_social_icon_holder circle_social' data-color=#2e82ea data-hover-background-color=#ffffff ><a itemprop='url' href='https:\/\/www.youtube.com\/channel\/UCegrFmnOZOO4gZJ0kOIIMhA' target='_blank'><span class='fa-stack fa-lg' style=''><i class=\"qode_icon_font_awesome fa fa-youtube \" style=\"color: #2e82ea;\" ><\/i><\/span><\/a><\/span>[\/vc_column_text][vc_empty_space height=&#8221;50px&#8221;][\/vc_column][\/vc_row][vc_row css_animation=&#8221;&#8221; row_type=&#8221;row&#8221; use_row_as_full_screen_section=&#8221;no&#8221; type=&#8221;grid&#8221; angled_section=&#8221;no&#8221; text_align=&#8221;left&#8221; background_image_as_pattern=&#8221;without_pattern&#8221; css=&#8221;.vc_custom_1478078331304{padding-bottom: 80px !important;}&#8221;][vc_column offset=&#8221;vc_col-lg-6 vc_col-md-6&#8243;][vc_column_text]<\/p>\n<h4>\u0424\u043e\u0440\u043c\u0430 \u043a\u043e\u043d\u0442\u0430\u043a\u0442\u0430<\/h4>\n<p>[\/vc_column_text][vc_empty_space height=&#8221;27px&#8221;]<div role=\"form\" class=\"wpcf7\" id=\"wpcf7-f161-o1\" lang=\"en-US\" dir=\"ltr\">\n<div class=\"screen-reader-response\"><p role=\"status\" aria-live=\"polite\" aria-atomic=\"true\"><\/p> <ul><\/ul><\/div>\n<form action=\"\/ru\/wp-json\/wp\/v2\/pages\/151#wpcf7-f161-o1\" method=\"post\" class=\"wpcf7-form init cf7_custom_style_2\" novalidate=\"novalidate\" data-status=\"init\">\n<div style=\"display: none;\">\n<input type=\"hidden\" name=\"_wpcf7\" value=\"161\" \/>\n<input type=\"hidden\" name=\"_wpcf7_version\" value=\"5.4.2\" \/>\n<input type=\"hidden\" name=\"_wpcf7_locale\" value=\"en_US\" \/>\n<input type=\"hidden\" name=\"_wpcf7_unit_tag\" value=\"wpcf7-f161-o1\" \/>\n<input type=\"hidden\" name=\"_wpcf7_container_post\" value=\"0\" \/>\n<input type=\"hidden\" name=\"_wpcf7_posted_data_hash\" value=\"\" \/>\n<input type=\"hidden\" name=\"_wpcf7_recaptcha_response\" value=\"\" \/>\n<\/div>\n<p><span class=\"wpcf7-form-control-wrap full-name\"><input type=\"text\" name=\"full-name\" value=\"\" size=\"40\" class=\"wpcf7-form-control wpcf7-text\" aria-invalid=\"false\" placeholder=\"\u0412\u0430\u0448\u0435 \u0438\u043c\u044f \u0438 \u0444\u0430\u043c\u0438\u043b\u0438\u044f\" \/><\/span><\/p>\n<p><span class=\"wpcf7-form-control-wrap email\"><input type=\"email\" name=\"email\" value=\"\" size=\"40\" class=\"wpcf7-form-control wpcf7-text wpcf7-email wpcf7-validates-as-email\" aria-invalid=\"false\" placeholder=\"\u0412\u0430\u0448 \u0430\u0434\u0440\u0435\u0441 \u044d\u043b\u0435\u043a\u0442\u0440\u043e\u043d\u043d\u043e\u0439 \u043f\u043e\u0447\u0442\u044b\" \/><\/span><\/p>\n<p><span class=\"wpcf7-form-control-wrap tel-926\"><input type=\"tel\" name=\"tel-926\" value=\"\" size=\"40\" class=\"wpcf7-form-control wpcf7-text wpcf7-tel wpcf7-validates-as-required wpcf7-validates-as-tel\" aria-required=\"true\" aria-invalid=\"false\" placeholder=\"\u0412\u0430\u0448 \u043d\u043e\u043c\u0435\u0440 \u0442\u0435\u043b\u0435\u0444\u043e\u043d\u0430\" \/><\/span><\/p>\n<p><span class=\"wpcf7-form-control-wrap message\"><textarea name=\"message\" cols=\"40\" rows=\"10\" class=\"wpcf7-form-control wpcf7-textarea\" aria-invalid=\"false\" placeholder=\"\u0421\u043e\u043e\u0431\u0449\u0435\u043d\u0438\u0435\"><\/textarea><\/span><\/p>\n<p class=\"recaptcha-form\">\n<span class=\"wpcf7-form-control-wrap recaptcha\" data-name=\"recaptcha\"><span data-sitekey=\"6LdqGgsrAAAAAE33VTYxnPrhQRofiYdO2b-e6BHz\" class=\"wpcf7-form-control g-recaptcha wpcf7-recaptcha\"><\/span>\r\n<noscript>\r\n\t<div class=\"grecaptcha-noscript\">\r\n\t\t<iframe src=\"https:\/\/www.google.com\/recaptcha\/api\/fallback?k=6LdqGgsrAAAAAE33VTYxnPrhQRofiYdO2b-e6BHz\" frameborder=\"0\" scrolling=\"no\" width=\"310\" height=\"430\">\r\n\t\t<\/iframe>\r\n\t\t<textarea name=\"g-recaptcha-response\" rows=\"3\" cols=\"40\" placeholder=\"\u041e\u0442\u0432\u0435\u0442 reCaptcha \u0437\u0434\u0435\u0441\u044c\">\r\n\t\t<\/textarea>\r\n\t<\/div>\r\n<\/noscript>\r\n<\/span>\n<p><input type=\"submit\" value=\"\u041e\u0442\u043f\u0440\u0430\u0432\u0438\u0442\u044c\" class=\"wpcf7-form-control wpcf7-submit\" \/><\/p>\n<div class=\"wpcf7-response-output\" aria-hidden=\"true\"><\/div><\/form><\/div>[vc_empty_space height=&#8221;60px&#8221;][\/vc_column][vc_column offset=&#8221;vc_col-lg-6 vc_col-md-6&#8243;][vc_column_text]<\/p>\n<h4>\u041d\u0430\u0448\u0435 \u043c\u0435\u0441\u0442\u043e\u043f\u043e\u043b\u043e\u0436\u0435\u043d\u0438\u0435 \u043d\u0430 \u041a\u0430\u0440\u0442\u0430\u0445 Google<\/h4>\n<p>[\/vc_column_text][vc_empty_space height=&#8221;27px&#8221;][vc_gmaps link=&#8221;#E-8_JTNDaWZyYW1lJTIwc3JjJTNEJTIyaHR0cHMlM0ElMkYlMkZ3d3cuZ29vZ2xlLmNvbSUyRm1hcHMlMkZlbWJlZCUzRnBiJTNEJTIxMW0xNCUyMTFtOCUyMTFtMyUyMTFkMTIwNDAuNDE0NTM0ODc4MjAyJTIxMmQyOC45NDk5NjQ3JTIxM2Q0MS4wMjI5ODg2JTIxM20yJTIxMWkxMDI0JTIxMmk3NjglMjE0ZjEzLjElMjEzbTMlMjExbTIlMjExczB4MCUyNTNBMHgyODlkZDYyZjZjYjdjMDQxJTIxMnNFcmRvJTI1QzQlMjU5RmFuJTI1MjBLYXB0YW4lMjUyMERlbml6Y2lsaWslMjUyQyUyNTIwVGVrbmUlMjUyMFR1cnUlMjUyQyUyNTIwS2lyYWwlMjVDNCUyNUIxayUyNTIwVGVrbmUlMjUyQyUyNTIwQm8lMjVDNCUyNTlGYXolMjUyMFR1cnUlMjUyQyUyNTIwS2lyYWwlMjVDNCUyNUIxayUyNTIwWWF0JTIxNWUwJTIxM20yJTIxMXN0ciUyMTJzdHIlMjE0djE2MDMxMTY5NzIxMTYlMjE1bTIlMjExc3RyJTIxMnN0ciUyMiUyMHdpZHRoJTNEJTIyMTAwJTI1JTIyJTIwaGVpZ2h0JTNEJTIyMzcwJTIyJTIwZnJhbWVib3JkZXIlM0QlMjIwJTIyJTIwc3R5bGUlM0QlMjJib3JkZXIlM0EwJTNCJTIyJTIwYWxsb3dmdWxsc2NyZWVuJTNEJTIyJTIyJTIwYXJpYS1oaWRkZW4lM0QlMjJmYWxzZSUyMiUyMHRhYmluZGV4JTNEJTIyMCUyMiUzRSUzQyUyRmlmcmFtZSUzRQ==&#8221;][vc_empty_space height=&#8221;60px&#8221;][\/vc_column][\/vc_row]<\/p>\n","protected":false},"excerpt":{"rendered":"<p>[vc_row css_animation=&#8221;&#8221; row_type=&#8221;row&#8221; use_row_as_full_screen_section=&#8221;no&#8221; type=&#8221;grid&#8221; angled_section=&#8221;no&#8221; text_align=&#8221;center&#8221; background_image_as_pattern=&#8221;without_pattern&#8221; css=&#8221;.vc_custom_1604343881919{padding-top: 70px !important;padding-bottom: 37px !important;}&#8221; z_index=&#8221;&#8221;][vc_column width=&#8221;1\/3&#8243;][vc_empty_space height=&#8221;20px&#8221;][vc_column_text] \u041e\u0431\u0441\u043b\u0443\u0436\u0438\u0432\u0430\u043d\u0438\u0435 \u043a\u043b\u0438\u0435\u043d\u0442\u043e\u0432 [\/vc_column_text][vc_empty_space height=&#8221;14px&#8221;][vc_column_text]0532 651 03 31 0212 532 79 80[\/vc_column_text][vc_empty_space height=&#8221;50px&#8221;][\/vc_column][vc_column width=&#8221;1\/3&#8243;][vc_empty_space height=&#8221;20px&#8221;][vc_column_text] \u0410\u0434\u0440\u0435\u0441 \u043e\u0444\u0438\u0441\u0430 [\/vc_column_text][vc_empty_space height=&#8221;14px&#8221;][vc_column_text]Cibali Mah. Hisaralt\u0131 Cad. No:5 (Kadir Has Caddesi) 34085 \u0130stanbul &#8211; T\u00fcrkiye[\/vc_column_text][vc_empty_space&#8230;<\/p>\n","protected":false},"author":1,"featured_media":0,"parent":0,"menu_order":4,"comment_status":"closed","ping_status":"closed","template":"full_width.php","meta":[],"_links":{"self":[{"href":"https:\/\/www.erdogankaptan.com\/ru\/wp-json\/wp\/v2\/pages\/151"}],"collection":[{"href":"https:\/\/www.erdogankaptan.com\/ru\/wp-json\/wp\/v2\/pages"}],"about":[{"href":"https:\/\/www.erdogankaptan.com\/ru\/wp-json\/wp\/v2\/types\/page"}],"author":[{"embeddable":true,"href":"https:\/\/www.erdogankaptan.com\/ru\/wp-json\/wp\/v2\/users\/1"}],"replies":[{"embeddable":true,"href":"https:\/\/www.erdogankaptan.com\/ru\/wp-json\/wp\/v2\/comments?post=151"}],"version-history":[{"count":6,"href":"https:\/\/www.erdogankaptan.com\/ru\/wp-json\/wp\/v2\/pages\/151\/revisions"}],"predecessor-version":[{"id":2138,"href":"https:\/\/www.erdogankaptan.com\/ru\/wp-json\/wp\/v2\/pages\/151\/revisions\/2138"}],"wp:attachment":[{"href":"https:\/\/www.erdogankaptan.com\/ru\/wp-json\/wp\/v2\/media?parent=151"}],"curies":[{"name":"wp","href":"https:\/\/api.w.org\/{rel}","templated":true}]}}